{"id":31329,"date":"2021-11-02T07:33:03","date_gmt":"2021-11-02T06:33:03","guid":{"rendered":"https:\/\/www.slowbarcelona.es\/?page_id=31329"},"modified":"2021-11-02T07:33:56","modified_gmt":"2021-11-02T06:33:56","slug":"terms-conditions","status":"publish","type":"page","link":"https:\/\/www.slowbarcelona.es\/en\/terms-conditions\/","title":{"rendered":"Terms &#038; Conditions"},"content":{"rendered":"\t\t<div data-elementor-type=\"wp-post\" data-elementor-id=\"31329\" class=\"elementor elementor-31329 elementor-194\" data-elementor-post-type=\"page\">\n\t\t\t\t\t\t<section data-particle_enable=\"false\" data-particle-mobile-disabled=\"false\" class=\"elementor-section elementor-top-section elementor-element elementor-element-d8d86f8 elementor-section-boxed elementor-section-height-default elementor-section-height-default\" data-id=\"d8d86f8\" data-element_type=\"section\" data-e-type=\"section\">\n\t\t\t\t\t\t<div class=\"elementor-container elementor-column-gap-default\">\n\t\t\t\t\t<div class=\"elementor-column elementor-col-100 elementor-top-column elementor-element elementor-element-093d7d1\" data-id=\"093d7d1\" data-element_type=\"column\" data-e-type=\"column\">\n\t\t\t<div class=\"elementor-widget-wrap elementor-element-populated\">\n\t\t\t\t\t\t<div class=\"elementor-element elementor-element-513f58a tagline elementor-widget elementor-widget-text-editor\" data-id=\"513f58a\" data-element_type=\"widget\" data-e-type=\"widget\" data-widget_type=\"text-editor.default\">\n\t\t\t\t<div class=\"elementor-widget-container\">\n\t\t\t\t\t\t\t\t\t<p style=\"text-align: center;\">Toda la informaci\u00f3n legal.<\/p>\t\t\t\t\t\t\t\t<\/div>\n\t\t\t\t<\/div>\n\t\t\t\t<div class=\"elementor-element elementor-element-ead4860 elementor-widget elementor-widget-heading\" data-id=\"ead4860\" data-element_type=\"widget\" data-e-type=\"widget\" data-widget_type=\"heading.default\">\n\t\t\t\t<div class=\"elementor-widget-container\">\n\t\t\t\t\t<h1 class=\"elementor-heading-title elementor-size-default\">condiciones de uso y aviso legal<\/h1>\t\t\t\t<\/div>\n\t\t\t\t<\/div>\n\t\t\t\t<div class=\"elementor-element elementor-element-6f4c85d elementor-widget elementor-widget-spacer\" data-id=\"6f4c85d\" data-element_type=\"widget\" data-e-type=\"widget\" data-widget_type=\"spacer.default\">\n\t\t\t\t<div class=\"elementor-widget-container\">\n\t\t\t\t\t\t\t<div class=\"elementor-spacer\">\n\t\t\t<div class=\"elementor-spacer-inner\"><\/div>\n\t\t<\/div>\n\t\t\t\t\t\t<\/div>\n\t\t\t\t<\/div>\n\t\t\t\t\t<\/div>\n\t\t<\/div>\n\t\t\t\t\t<\/div>\n\t\t<\/section>\n\t\t\t\t<section data-particle_enable=\"false\" data-particle-mobile-disabled=\"false\" class=\"elementor-section elementor-top-section elementor-element elementor-element-3da33db8 elementor-section-boxed elementor-section-height-default elementor-section-height-default\" data-id=\"3da33db8\" data-element_type=\"section\" data-e-type=\"section\">\n\t\t\t\t\t\t<div class=\"elementor-container elementor-column-gap-default\">\n\t\t\t\t\t<div class=\"elementor-column elementor-col-100 elementor-top-column elementor-element elementor-element-1addd59\" data-id=\"1addd59\" data-element_type=\"column\" data-e-type=\"column\">\n\t\t\t<div class=\"elementor-widget-wrap elementor-element-populated\">\n\t\t\t\t\t\t<div class=\"elementor-element elementor-element-848ce92 elementor-widget elementor-widget-heading\" data-id=\"848ce92\" data-element_type=\"widget\" data-e-type=\"widget\" id=\"general\" data-widget_type=\"heading.default\">\n\t\t\t\t<div class=\"elementor-widget-container\">\n\t\t\t\t\t<h2 class=\"elementor-heading-title elementor-size-default\">General<\/h2>\t\t\t\t<\/div>\n\t\t\t\t<\/div>\n\t\t\t\t<div class=\"elementor-element elementor-element-9981020 elementor-widget elementor-widget-text-editor\" data-id=\"9981020\" data-element_type=\"widget\" data-e-type=\"widget\" data-widget_type=\"text-editor.default\">\n\t\t\t\t<div class=\"elementor-widget-container\">\n\t\t\t\t\t\t\t\t\t<p>En cumplimiento de la Ley 34\/2002, de 11 de julio, de Servicios de la Sociedad de la Informaci\u00f3n y de Comercio Electr\u00f3nico (LSSI-CE), LEYDEBER SL informa que es titular del sitio web <a href=\"https:\/\/www.slowbarcelona.es\/\">https:\/\/www.slowbarcelona.es\/<\/a>. De acuerdo con la exigencia del art\u00edculo 10 de la citada Ley, LEYDEBER SL informa de los siguientes datos:<\/p><p>El titular de este sitio web es LEYDEBER SL, con CIF B64766173 y domicilio social en C\/ PARIS, 186 BAJOS 08036 BARCELONA, inscrita en el Registro Mercantil, en el tomo 40237, folio 42, hoja B-360312e inscripci\u00f3n 2\u00ba. La direcci\u00f3n de correo electr\u00f3nico de contacto con la empresa es: info@slowbarcelona.es<\/p><h3>Usuario y r\u00e9gimen de responsabilidades<\/h3><p>La navegaci\u00f3n, acceso y uso por el sitio web de LEYDEBER SL confiere la condici\u00f3n de usuario, por la que se aceptan, desde la navegaci\u00f3n por el sitio web de LEYDEBER SL, todas las condiciones de uso aqu\u00ed establecidas sin perjuicio de la aplicaci\u00f3n de la correspondiente normativa de obligado cumplimiento legal seg\u00fan el caso.<\/p><p>El sitio web de LEYDEBER SL proporciona gran diversidad de informaci\u00f3n, servicios y datos. El usuario asume su responsabilidad en el uso correcto del sitio web. Esta responsabilidad se extender\u00e1 a:<\/p><ul><li>La veracidad y licitud de las informaciones aportadas por el usuario en los formularios extendidos por LEYDEBER SL para el acceso a ciertos contenidos o servicios ofrecidos por el web.<\/li><\/ul><ul><li>El uso de la informaci\u00f3n, servicios y datos ofrecidos por LEYDEBER SL contrariamente a lo dispuesto por las presentes condiciones, la Ley, la moral, las buenas costumbres o el orden p\u00fablico, o que de cualquier otro modo puedan suponer lesi\u00f3n de los derechos de terceros o del mismo funcionamiento del sitio web.<\/li><\/ul><h3>Pol\u00edtica de enlaces y exenciones de responsabilidad<\/h3><p>LEYDEBER SL no se hace responsable del contenido de los sitios web a los que el usuario pueda acceder a trav\u00e9s de los enlaces establecidos en su sitio web y declara que en ning\u00fan caso proceder\u00e1 a examinar o ejercitar ning\u00fan tipo de control sobre el contenido de otros sitios de la red. Asimismo, tampoco garantizar\u00e1 la disponibilidad t\u00e9cnica, exactitud, veracidad, validez o legalidad de sitios ajenos a su propiedad a los que se pueda acceder por medio de los enlaces.<\/p><p>LEYDEBER SL declara haber adoptado todas las medidas necesarias para evitar cualesquiera da\u00f1os a los usuarios de su sitio web, que pudieran derivarse de la navegaci\u00f3n por su sitio web. En consecuencia, LEYDEBER SL no se hace responsable, en ning\u00fan caso, de los eventuales da\u00f1os que por la navegaci\u00f3n por Internet pudiera sufrir el usuario.<strong><br \/><\/strong><\/p><h3>Modificaciones<\/h3><p>LEYDEBER SL se reserva el derecho a realizar las modificaciones que considere oportunas, sin aviso previo, en el contenido de su sitio web. Tanto en lo referente a los contenidos del sitio web, como en las condiciones de uso del mismo, o en las condiciones generales de contrataci\u00f3n. Dichas modificaciones podr\u00e1n realizarse a trav\u00e9s de su sitio web por cualquier forma admisible en derecho y ser\u00e1n de obligado cumplimiento durante el tiempo en que se encuentren publicadas en el web y hasta que no sean modificadas v\u00e1lidamente por otras posteriores.<\/p>\t\t\t\t\t\t\t\t<\/div>\n\t\t\t\t<\/div>\n\t\t\t\t<div class=\"elementor-element elementor-element-5f4e2f0 elementor-widget elementor-widget-heading\" data-id=\"5f4e2f0\" data-element_type=\"widget\" data-e-type=\"widget\" id=\"intelectual\" data-widget_type=\"heading.default\">\n\t\t\t\t<div class=\"elementor-widget-container\">\n\t\t\t\t\t<h2 class=\"elementor-heading-title elementor-size-default\">Propiedad Intelectual<\/h2>\t\t\t\t<\/div>\n\t\t\t\t<\/div>\n\t\t\t\t<div class=\"elementor-element elementor-element-f292a0c elementor-widget elementor-widget-text-editor\" data-id=\"f292a0c\" data-element_type=\"widget\" data-e-type=\"widget\" data-widget_type=\"text-editor.default\">\n\t\t\t\t<div class=\"elementor-widget-container\">\n\t\t\t\t\t\t\t\t\t<p>Los derechos de propiedad intelectual e industrial derivados de todos los textos, im\u00e1genes, as\u00ed como de los medios y formas de presentaci\u00f3n y montaje de su sitio web pertenecen, por s\u00ed o como cesionaria, a LEYDEBER SL. Ser\u00e1n, por consiguiente, obras protegidas como propiedad intelectual por el ordenamiento jur\u00eddico espa\u00f1ol, si\u00e9ndoles aplicables tanto la normativa espa\u00f1ola y comunitaria en este campo, como los tratados internacionales relativos a la materia y suscritos por Espa\u00f1a.<\/p><p>Todos los derechos reservados. En cumplimiento de la Ley de la Propiedad Intelectual se proh\u00edbe expresamente la reproducci\u00f3n, distribuci\u00f3n, comunicaci\u00f3n p\u00fablica y utilizaci\u00f3n, de la totalidad o parte de los contenidos de su sitio web sin el consentimiento expreso de LEYDEBER SL.<\/p>\t\t\t\t\t\t\t\t<\/div>\n\t\t\t\t<\/div>\n\t\t\t\t<div class=\"elementor-element elementor-element-c1e54dd elementor-widget elementor-widget-heading\" data-id=\"c1e54dd\" data-element_type=\"widget\" data-e-type=\"widget\" data-widget_type=\"heading.default\">\n\t\t\t\t<div class=\"elementor-widget-container\">\n\t\t\t\t\t<h2 class=\"elementor-heading-title elementor-size-default\">Acciones legales, legislaci\u00f3n aplicable <br>y jurisdicci\u00f3n<\/h2>\t\t\t\t<\/div>\n\t\t\t\t<\/div>\n\t\t\t\t<div class=\"elementor-element elementor-element-2ad2fe35 elementor-widget elementor-widget-text-editor\" data-id=\"2ad2fe35\" data-element_type=\"widget\" data-e-type=\"widget\" data-widget_type=\"text-editor.default\">\n\t\t\t\t<div class=\"elementor-widget-container\">\n\t\t\t\t\t\t\t\t\t<p>LEYDEBER SL se reserva, asimismo, la facultad de presentar las acciones civiles o penales que considere oportunas por la utilizaci\u00f3n indebida de su sitio web y contenidos o por el incumplimiento de las presentes condiciones.<\/p><p>La relaci\u00f3n entre el usuario y el prestador se regir\u00e1 por la normativa vigente y de aplicaci\u00f3n en el territorio espa\u00f1ol. De surgir cualquier controversia las partes podr\u00e1n someter sus conflictos a arbitraje o acudir a la jurisdicci\u00f3n ordinaria cumpliendo con las normas sobre jurisdicci\u00f3n y competencia al respecto. LEYDEBER SL tiene su domicilio en Barcelona, Espa\u00f1a.<\/p>\t\t\t\t\t\t\t\t<\/div>\n\t\t\t\t<\/div>\n\t\t\t\t\t<\/div>\n\t\t<\/div>\n\t\t\t\t\t<\/div>\n\t\t<\/section>\n\t\t\t\t<\/div>\n\t\t","protected":false},"excerpt":{"rendered":"<p>Toda la informaci\u00f3n legal. condiciones de uso y aviso legal General En cumplimiento de la Ley 34\/2002, de 11 de julio, de Servicios de la Sociedad de la Informaci\u00f3n y de Comercio Electr\u00f3nico (LSSI-CE), LEYDEBER SL informa que es titular del sitio web https:\/\/www.slowbarcelona.es\/. De acuerdo con la exigencia del art\u00edculo 10 de la citada Ley, LEYDEBER SL informa de los siguientes datos: El titular de este sitio web es LEYDEBER SL, con CIF B64766173 y domicilio social en C\/ PARIS, 186 BAJOS 08036 BARCELONA, inscrita en el Registro Mercantil, en el tomo 40237, folio 42, hoja B-360312e inscripci\u00f3n 2\u00ba. La direcci\u00f3n de correo electr\u00f3nico de contacto con la empresa es: info@slowbarcelona.es Usuario y r\u00e9gimen de responsabilidades La navegaci\u00f3n, acceso y uso por el sitio web de LEYDEBER SL confiere la condici\u00f3n de usuario, por la que se aceptan, desde la navegaci\u00f3n por el sitio web de LEYDEBER SL, todas [&hellip;]<\/p>\n","protected":false},"author":1,"featured_media":0,"parent":0,"menu_order":6,"comment_status":"open","ping_status":"open","template":"elementor_header_footer","meta":{"_monsterinsights_skip_tracking":false,"_monsterinsights_sitenote_active":false,"_monsterinsights_sitenote_note":"","_monsterinsights_sitenote_category":0,"footnotes":""},"class_list":["post-31329","page","type-page","status-publish","hentry"],"yoast_head":"<!-- This site is optimized with the Yoast SEO plugin v27.3 - https:\/\/yoast.com\/product\/yoast-seo-wordpress\/ -->\n<title>Terms &amp; Conditions - Slow Barcelona - Cocktails &amp; Bo\u00eete<\/title>\n<meta name=\"robots\" content=\"index, follow, max-snippet:-1, max-image-preview:large, max-video-preview:-1\" \/>\n<link rel=\"canonical\" href=\"https:\/\/www.slowbarcelona.es\/en\/terms-conditions\/\" \/>\n<meta property=\"og:locale\" content=\"en_US\" \/>\n<meta property=\"og:type\" content=\"article\" \/>\n<meta property=\"og:title\" content=\"Terms &amp; Conditions - Slow Barcelona - Cocktails &amp; Bo\u00eete\" \/>\n<meta property=\"og:description\" content=\"Toda la informaci\u00f3n legal. condiciones de uso y aviso legal General En cumplimiento de la Ley 34\/2002, de 11 de julio, de Servicios de la Sociedad de la Informaci\u00f3n y de Comercio Electr\u00f3nico (LSSI-CE), LEYDEBER SL informa que es titular del sitio web https:\/\/www.slowbarcelona.es\/. De acuerdo con la exigencia del art\u00edculo 10 de la citada Ley, LEYDEBER SL informa de los siguientes datos: El titular de este sitio web es LEYDEBER SL, con CIF B64766173 y domicilio social en C\/ PARIS, 186 BAJOS 08036 BARCELONA, inscrita en el Registro Mercantil, en el tomo 40237, folio 42, hoja B-360312e inscripci\u00f3n 2\u00ba. La direcci\u00f3n de correo electr\u00f3nico de contacto con la empresa es: info@slowbarcelona.es Usuario y r\u00e9gimen de responsabilidades La navegaci\u00f3n, acceso y uso por el sitio web de LEYDEBER SL confiere la condici\u00f3n de usuario, por la que se aceptan, desde la navegaci\u00f3n por el sitio web de LEYDEBER SL, todas [&hellip;]\" \/>\n<meta property=\"og:url\" content=\"https:\/\/www.slowbarcelona.es\/en\/terms-conditions\/\" \/>\n<meta property=\"og:site_name\" content=\"Slow Barcelona - Cocktails &amp; Bo\u00eete\" \/>\n<meta property=\"article:publisher\" content=\"https:\/\/facebook.com\/slowbarcelona\" \/>\n<meta property=\"article:modified_time\" content=\"2021-11-02T06:33:56+00:00\" \/>\n<meta property=\"og:image\" content=\"https:\/\/www.slowbarcelona.es\/wp-content\/uploads\/2015\/09\/Slow-Opera-HDfrag4.jpg\" \/>\n\t<meta property=\"og:image:width\" content=\"1920\" \/>\n\t<meta property=\"og:image:height\" content=\"1080\" \/>\n\t<meta property=\"og:image:type\" content=\"image\/jpeg\" \/>\n<meta name=\"twitter:card\" content=\"summary_large_image\" \/>\n<meta name=\"twitter:site\" content=\"@SlowBarcelona\" \/>\n<meta name=\"twitter:label1\" content=\"Est. reading time\" \/>\n\t<meta name=\"twitter:data1\" content=\"4 minutes\" \/>\n<script type=\"application\/ld+json\" class=\"yoast-schema-graph\">{\"@context\":\"https:\\\/\\\/schema.org\",\"@graph\":[{\"@type\":\"WebPage\",\"@id\":\"https:\\\/\\\/www.slowbarcelona.es\\\/en\\\/terms-conditions\\\/\",\"url\":\"https:\\\/\\\/www.slowbarcelona.es\\\/en\\\/terms-conditions\\\/\",\"name\":\"Terms & Conditions - Slow Barcelona - Cocktails &amp; Bo\u00eete\",\"isPartOf\":{\"@id\":\"https:\\\/\\\/www.slowbarcelona.es\\\/#website\"},\"datePublished\":\"2021-11-02T06:33:03+00:00\",\"dateModified\":\"2021-11-02T06:33:56+00:00\",\"breadcrumb\":{\"@id\":\"https:\\\/\\\/www.slowbarcelona.es\\\/en\\\/terms-conditions\\\/#breadcrumb\"},\"inLanguage\":\"en-US\",\"potentialAction\":[{\"@type\":\"ReadAction\",\"target\":[\"https:\\\/\\\/www.slowbarcelona.es\\\/en\\\/terms-conditions\\\/\"]}]},{\"@type\":\"BreadcrumbList\",\"@id\":\"https:\\\/\\\/www.slowbarcelona.es\\\/en\\\/terms-conditions\\\/#breadcrumb\",\"itemListElement\":[{\"@type\":\"ListItem\",\"position\":1,\"name\":\"Portada\",\"item\":\"https:\\\/\\\/www.slowbarcelona.es\\\/en\\\/home-2\\\/\"},{\"@type\":\"ListItem\",\"position\":2,\"name\":\"Terms &#038; Conditions\"}]},{\"@type\":\"WebSite\",\"@id\":\"https:\\\/\\\/www.slowbarcelona.es\\\/#website\",\"url\":\"https:\\\/\\\/www.slowbarcelona.es\\\/\",\"name\":\"Slow Barcelona Cocktails & Bo\u00eete\",\"description\":\"Los mejores Gintonics y c\u00f3cteles de Barcelona\",\"publisher\":{\"@id\":\"https:\\\/\\\/www.slowbarcelona.es\\\/#organization\"},\"alternateName\":\"Slow Barcelona\",\"potentialAction\":[{\"@type\":\"SearchAction\",\"target\":{\"@type\":\"EntryPoint\",\"urlTemplate\":\"https:\\\/\\\/www.slowbarcelona.es\\\/?s={search_term_string}\"},\"query-input\":{\"@type\":\"PropertyValueSpecification\",\"valueRequired\":true,\"valueName\":\"search_term_string\"}}],\"inLanguage\":\"en-US\"},{\"@type\":\"Organization\",\"@id\":\"https:\\\/\\\/www.slowbarcelona.es\\\/#organization\",\"name\":\"Slow Barcelona\",\"alternateName\":\"Slow\",\"url\":\"https:\\\/\\\/www.slowbarcelona.es\\\/\",\"logo\":{\"@type\":\"ImageObject\",\"inLanguage\":\"en-US\",\"@id\":\"https:\\\/\\\/www.slowbarcelona.es\\\/#\\\/schema\\\/logo\\\/image\\\/\",\"url\":\"https:\\\/\\\/www.slowbarcelona.es\\\/wp-content\\\/uploads\\\/2022\\\/06\\\/logo-v2-no-Datos-xl-naranja.png\",\"contentUrl\":\"https:\\\/\\\/www.slowbarcelona.es\\\/wp-content\\\/uploads\\\/2022\\\/06\\\/logo-v2-no-Datos-xl-naranja.png\",\"width\":900,\"height\":935,\"caption\":\"Slow Barcelona\"},\"image\":{\"@id\":\"https:\\\/\\\/www.slowbarcelona.es\\\/#\\\/schema\\\/logo\\\/image\\\/\"},\"sameAs\":[\"https:\\\/\\\/facebook.com\\\/slowbarcelona\",\"https:\\\/\\\/x.com\\\/SlowBarcelona\",\"https:\\\/\\\/www.instagram.com\\\/slow_barcelona\\\/\",\"https:\\\/\\\/www.instagram.com\\\/slowclub.bcn\\\/\"]}]}<\/script>\n<!-- \/ Yoast SEO plugin. -->","yoast_head_json":{"title":"Terms & Conditions - Slow Barcelona - Cocktails &amp; Bo\u00eete","robots":{"index":"index","follow":"follow","max-snippet":"max-snippet:-1","max-image-preview":"max-image-preview:large","max-video-preview":"max-video-preview:-1"},"canonical":"https:\/\/www.slowbarcelona.es\/en\/terms-conditions\/","og_locale":"en_US","og_type":"article","og_title":"Terms & Conditions - Slow Barcelona - Cocktails &amp; Bo\u00eete","og_description":"Toda la informaci\u00f3n legal. condiciones de uso y aviso legal General En cumplimiento de la Ley 34\/2002, de 11 de julio, de Servicios de la Sociedad de la Informaci\u00f3n y de Comercio Electr\u00f3nico (LSSI-CE), LEYDEBER SL informa que es titular del sitio web https:\/\/www.slowbarcelona.es\/. De acuerdo con la exigencia del art\u00edculo 10 de la citada Ley, LEYDEBER SL informa de los siguientes datos: El titular de este sitio web es LEYDEBER SL, con CIF B64766173 y domicilio social en C\/ PARIS, 186 BAJOS 08036 BARCELONA, inscrita en el Registro Mercantil, en el tomo 40237, folio 42, hoja B-360312e inscripci\u00f3n 2\u00ba. La direcci\u00f3n de correo electr\u00f3nico de contacto con la empresa es: info@slowbarcelona.es Usuario y r\u00e9gimen de responsabilidades La navegaci\u00f3n, acceso y uso por el sitio web de LEYDEBER SL confiere la condici\u00f3n de usuario, por la que se aceptan, desde la navegaci\u00f3n por el sitio web de LEYDEBER SL, todas [&hellip;]","og_url":"https:\/\/www.slowbarcelona.es\/en\/terms-conditions\/","og_site_name":"Slow Barcelona - Cocktails &amp; Bo\u00eete","article_publisher":"https:\/\/facebook.com\/slowbarcelona","article_modified_time":"2021-11-02T06:33:56+00:00","og_image":[{"width":1920,"height":1080,"url":"https:\/\/www.slowbarcelona.es\/wp-content\/uploads\/2015\/09\/Slow-Opera-HDfrag4.jpg","type":"image\/jpeg"}],"twitter_card":"summary_large_image","twitter_site":"@SlowBarcelona","twitter_misc":{"Est. reading time":"4 minutes"},"schema":{"@context":"https:\/\/schema.org","@graph":[{"@type":"WebPage","@id":"https:\/\/www.slowbarcelona.es\/en\/terms-conditions\/","url":"https:\/\/www.slowbarcelona.es\/en\/terms-conditions\/","name":"Terms & Conditions - Slow Barcelona - Cocktails &amp; Bo\u00eete","isPartOf":{"@id":"https:\/\/www.slowbarcelona.es\/#website"},"datePublished":"2021-11-02T06:33:03+00:00","dateModified":"2021-11-02T06:33:56+00:00","breadcrumb":{"@id":"https:\/\/www.slowbarcelona.es\/en\/terms-conditions\/#breadcrumb"},"inLanguage":"en-US","potentialAction":[{"@type":"ReadAction","target":["https:\/\/www.slowbarcelona.es\/en\/terms-conditions\/"]}]},{"@type":"BreadcrumbList","@id":"https:\/\/www.slowbarcelona.es\/en\/terms-conditions\/#breadcrumb","itemListElement":[{"@type":"ListItem","position":1,"name":"Portada","item":"https:\/\/www.slowbarcelona.es\/en\/home-2\/"},{"@type":"ListItem","position":2,"name":"Terms &#038; Conditions"}]},{"@type":"WebSite","@id":"https:\/\/www.slowbarcelona.es\/#website","url":"https:\/\/www.slowbarcelona.es\/","name":"Slow Barcelona Cocktails & Bo\u00eete","description":"Los mejores Gintonics y c\u00f3cteles de Barcelona","publisher":{"@id":"https:\/\/www.slowbarcelona.es\/#organization"},"alternateName":"Slow Barcelona","potentialAction":[{"@type":"SearchAction","target":{"@type":"EntryPoint","urlTemplate":"https:\/\/www.slowbarcelona.es\/?s={search_term_string}"},"query-input":{"@type":"PropertyValueSpecification","valueRequired":true,"valueName":"search_term_string"}}],"inLanguage":"en-US"},{"@type":"Organization","@id":"https:\/\/www.slowbarcelona.es\/#organization","name":"Slow Barcelona","alternateName":"Slow","url":"https:\/\/www.slowbarcelona.es\/","logo":{"@type":"ImageObject","inLanguage":"en-US","@id":"https:\/\/www.slowbarcelona.es\/#\/schema\/logo\/image\/","url":"https:\/\/www.slowbarcelona.es\/wp-content\/uploads\/2022\/06\/logo-v2-no-Datos-xl-naranja.png","contentUrl":"https:\/\/www.slowbarcelona.es\/wp-content\/uploads\/2022\/06\/logo-v2-no-Datos-xl-naranja.png","width":900,"height":935,"caption":"Slow Barcelona"},"image":{"@id":"https:\/\/www.slowbarcelona.es\/#\/schema\/logo\/image\/"},"sameAs":["https:\/\/facebook.com\/slowbarcelona","https:\/\/x.com\/SlowBarcelona","https:\/\/www.instagram.com\/slow_barcelona\/","https:\/\/www.instagram.com\/slowclub.bcn\/"]}]}},"jetpack_sharing_enabled":true,"_links":{"self":[{"href":"https:\/\/www.slowbarcelona.es\/en\/wp-json\/wp\/v2\/pages\/31329","targetHints":{"allow":["GET"]}}],"collection":[{"href":"https:\/\/www.slowbarcelona.es\/en\/wp-json\/wp\/v2\/pages"}],"about":[{"href":"https:\/\/www.slowbarcelona.es\/en\/wp-json\/wp\/v2\/types\/page"}],"author":[{"embeddable":true,"href":"https:\/\/www.slowbarcelona.es\/en\/wp-json\/wp\/v2\/users\/1"}],"replies":[{"embeddable":true,"href":"https:\/\/www.slowbarcelona.es\/en\/wp-json\/wp\/v2\/comments?post=31329"}],"version-history":[{"count":2,"href":"https:\/\/www.slowbarcelona.es\/en\/wp-json\/wp\/v2\/pages\/31329\/revisions"}],"predecessor-version":[{"id":31331,"href":"https:\/\/www.slowbarcelona.es\/en\/wp-json\/wp\/v2\/pages\/31329\/revisions\/31331"}],"wp:attachment":[{"href":"https:\/\/www.slowbarcelona.es\/en\/wp-json\/wp\/v2\/media?parent=31329"}],"curies":[{"name":"wp","href":"https:\/\/api.w.org\/{rel}","templated":true}]}}