{"id":34609,"date":"2022-05-24T20:02:01","date_gmt":"2022-05-24T18:02:01","guid":{"rendered":"https:\/\/www.slowbarcelona.es\/?post_type=product&#038;p=34609"},"modified":"2025-04-18T19:24:19","modified_gmt":"2025-04-18T17:24:19","slug":"taller-de-cocteleria-exclusivo","status":"publish","type":"product","link":"https:\/\/www.slowbarcelona.es\/en\/producto\/taller-de-cocteleria-exclusivo\/","title":{"rendered":"Taller de cocteler\u00eda exclusivo"},"content":{"rendered":"","protected":false},"excerpt":{"rendered":"<p>Aprende a realizar 3 c\u00f3cteles y, por supuesto, t\u00f3matelos a tu salud. Con este taller de cocteler\u00eda de 2 horas de duraci\u00f3n sabr\u00e1s todo lo que necesitas para hacer los c\u00f3cteles explicados en tu casa o en la m\u00eda. Te explicaremos los ingredientes, los utensilios y los trucos para que te queden riqu\u00edsimos.<\/p>\n<h3>Exclusivo para tu grupo<\/h3>\n<p>Este taller es solamente para vosotros, no est\u00e1 abierto a m\u00e1s gente.<\/p>\n<h3>M\u00ednimo 4 personas<\/h3>\n<p>Y m\u00e1ximo 12. Para m\u00e1s asistentes, <a href=\"https:\/\/www.slowbarcelona.es\/reservas\/reserva-tu-taller\/\">pide un presupuesto<\/a>.<\/p>\n<p><strong>Duraci\u00f3n 2 horas<\/strong>, recomendamos empezar a las 19:00.<\/p>\n<ul>\n<li>Incluye <strong>Degustaci\u00f3n de los c\u00f3cteles preparados<\/strong>.<\/li>\n<li>Por <strong>Roberto Frizzato, Ixcoatl Garc\u00eda, y Rodrigo Vizarraga<\/strong>.<\/li>\n<\/ul>\n<h3>Lo quiero a domicilio (m\u00ednimo 6 personas)<\/h3>\n<p>Si tu domicilio est\u00e1 en Barcelona ciudad, a\u00f1ade 1 &#8220;Desplazamiento, montaje y desmontaje en Barcelona&#8221; \u00a1y listo!<\/p>\n<h3>Disponibilidad<\/h3>\n<p><strong>Aseg\u00farate de tener confirmaci\u00f3n de disponibilidad<\/strong> para la fecha y hora que te interesa. Puedes consultar solicitando el taller <a href=\"https:\/\/www.slowbarcelona.es\/reservas\/reserva-tu-taller\/\">desde aqu\u00ed<\/a>, o enviando un Whatsapp al 660145618 o un email a <a href=\"mailto:info@slowbarcelona.es\">info@slowbarcelona.es<\/a>.<\/p>\n<h3>Antelaci\u00f3n<\/h3>\n<p>Los talleres exclusivos se deben adquirir con un m\u00ednimo de 48 horas de antelaci\u00f3n.<\/p>\n<h3>Descuentos<\/h3>\n<p><strong>Se aplicar\u00e1 autom\u00e1ticamente un descuento del 10% al taller a partir de 10 personas, y de un 20% a partir de 25 personas.<\/strong> El desplazamiento si lo hubiera no est\u00e1 descontado.<\/p>\n<p><em>Nota: los precios se indican sin IVA del 21%.<\/em><\/p>\n","protected":false},"featured_media":16953,"template":"","meta":{"_monsterinsights_skip_tracking":false,"_monsterinsights_sitenote_active":false,"_monsterinsights_sitenote_note":"","_monsterinsights_sitenote_category":0},"product_brand":[],"product_cat":[567],"product_tag":[],"class_list":{"0":"post-34609","1":"product","2":"type-product","3":"status-publish","4":"has-post-thumbnail","6":"product_cat-talleres-y-catas","8":"first","9":"instock","10":"taxable","11":"shipping-taxable","12":"product-type-grouped"},"yoast_head":"<!-- This site is optimized with the Yoast SEO plugin v27.5 - https:\/\/yoast.com\/product\/yoast-seo-wordpress\/ -->\n<title>Taller de cocteler\u00eda exclusivo - Slow Barcelona - Cocktails &amp; Bo\u00eete<\/title>\n<meta name=\"robots\" content=\"noindex, follow\" \/>\n<meta property=\"og:locale\" content=\"en_US\" \/>\n<meta property=\"og:type\" content=\"article\" \/>\n<meta property=\"og:title\" content=\"Taller de cocteler\u00eda exclusivo - Slow Barcelona - Cocktails &amp; Bo\u00eete\" \/>\n<meta property=\"og:description\" content=\"Aprende a realizar 3 c\u00f3cteles y, por supuesto, t\u00f3matelos a tu salud. Con este taller de cocteler\u00eda de 2 horas de duraci\u00f3n sabr\u00e1s todo lo que necesitas para hacer los c\u00f3cteles explicados en tu casa o en la m\u00eda. Te explicaremos los ingredientes, los utensilios y los trucos para que te queden riqu\u00edsimos. Exclusivo para tu grupo Este taller es solamente para vosotros, no est\u00e1 abierto a m\u00e1s gente. M\u00ednimo 4 personas Y m\u00e1ximo 12. Para m\u00e1s asistentes, pide un presupuesto.  Duraci\u00f3n 2 horas, recomendamos empezar a las 19:00.   Incluye Degustaci\u00f3n de los c\u00f3cteles preparados.  Por Roberto Frizzato, Ixcoatl Garc\u00eda, y Rodrigo Vizarraga.  Lo quiero a domicilio (m\u00ednimo 6 personas) Si tu domicilio est\u00e1 en Barcelona ciudad, a\u00f1ade 1 &quot;Desplazamiento, montaje y desmontaje en Barcelona&quot; \u00a1y listo! Disponibilidad Aseg\u00farate de tener confirmaci\u00f3n de disponibilidad para la fecha y hora que te interesa. Puedes consultar solicitando el taller desde aqu\u00ed, o enviando un Whatsapp al 660145618 o un email a info@slowbarcelona.es. Antelaci\u00f3n Los talleres exclusivos se deben adquirir con un m\u00ednimo de 48 horas de antelaci\u00f3n. Descuentos Se aplicar\u00e1 autom\u00e1ticamente un descuento del 10% al taller a partir de 10 personas, y de un 20% a partir de 25 personas. El desplazamiento si lo hubiera no est\u00e1 descontado.  Nota: los precios se indican sin IVA del 21%.\" \/>\n<meta property=\"og:url\" content=\"https:\/\/www.slowbarcelona.es\/producto\/taller-de-cocteleria-exclusivo\/\" \/>\n<meta property=\"og:site_name\" content=\"Slow Barcelona - Cocktails &amp; Bo\u00eete\" \/>\n<meta property=\"article:publisher\" content=\"https:\/\/facebook.com\/slowbarcelona\" \/>\n<meta property=\"article:modified_time\" content=\"2025-04-18T17:24:19+00:00\" \/>\n<meta property=\"og:image\" content=\"https:\/\/www.slowbarcelona.es\/wp-content\/uploads\/2019\/05\/talleres_classic-cocktails.jpg\" \/>\n\t<meta property=\"og:image:width\" content=\"1000\" \/>\n\t<meta property=\"og:image:height\" content=\"572\" \/>\n\t<meta property=\"og:image:type\" content=\"image\/jpeg\" \/>\n<meta name=\"twitter:card\" content=\"summary_large_image\" \/>\n<meta name=\"twitter:site\" content=\"@SlowBarcelona\" \/>\n<script type=\"application\/ld+json\" class=\"yoast-schema-graph\">{\"@context\":\"https:\\\/\\\/schema.org\",\"@graph\":[{\"@type\":\"WebPage\",\"@id\":\"https:\\\/\\\/www.slowbarcelona.es\\\/producto\\\/taller-de-cocteleria-exclusivo\\\/\",\"url\":\"https:\\\/\\\/www.slowbarcelona.es\\\/producto\\\/taller-de-cocteleria-exclusivo\\\/\",\"name\":\"Taller de cocteler\u00eda exclusivo - Slow Barcelona - Cocktails &amp; Bo\u00eete\",\"isPartOf\":{\"@id\":\"https:\\\/\\\/www.slowbarcelona.es\\\/#website\"},\"primaryImageOfPage\":{\"@id\":\"https:\\\/\\\/www.slowbarcelona.es\\\/producto\\\/taller-de-cocteleria-exclusivo\\\/#primaryimage\"},\"image\":{\"@id\":\"https:\\\/\\\/www.slowbarcelona.es\\\/producto\\\/taller-de-cocteleria-exclusivo\\\/#primaryimage\"},\"thumbnailUrl\":\"https:\\\/\\\/www.slowbarcelona.es\\\/wp-content\\\/uploads\\\/2019\\\/05\\\/talleres_classic-cocktails.jpg\",\"datePublished\":\"2022-05-24T18:02:01+00:00\",\"dateModified\":\"2025-04-18T17:24:19+00:00\",\"breadcrumb\":{\"@id\":\"https:\\\/\\\/www.slowbarcelona.es\\\/producto\\\/taller-de-cocteleria-exclusivo\\\/#breadcrumb\"},\"inLanguage\":\"en-US\",\"potentialAction\":[{\"@type\":\"ReadAction\",\"target\":[\"https:\\\/\\\/www.slowbarcelona.es\\\/producto\\\/taller-de-cocteleria-exclusivo\\\/\"]}]},{\"@type\":\"ImageObject\",\"inLanguage\":\"en-US\",\"@id\":\"https:\\\/\\\/www.slowbarcelona.es\\\/producto\\\/taller-de-cocteleria-exclusivo\\\/#primaryimage\",\"url\":\"https:\\\/\\\/www.slowbarcelona.es\\\/wp-content\\\/uploads\\\/2019\\\/05\\\/talleres_classic-cocktails.jpg\",\"contentUrl\":\"https:\\\/\\\/www.slowbarcelona.es\\\/wp-content\\\/uploads\\\/2019\\\/05\\\/talleres_classic-cocktails.jpg\",\"width\":1000,\"height\":572,\"caption\":\"\\\"The Old Fashioned is most commonly made by muddling sugar cubes with bitters, a cherry and an orange wedge or peel. Usually a splash of water or soda water is added along with ice, bourbon (or rye) and a garnish.\\\"\"},{\"@type\":\"BreadcrumbList\",\"@id\":\"https:\\\/\\\/www.slowbarcelona.es\\\/producto\\\/taller-de-cocteleria-exclusivo\\\/#breadcrumb\",\"itemListElement\":[{\"@type\":\"ListItem\",\"position\":1,\"name\":\"Portada\",\"item\":\"https:\\\/\\\/www.slowbarcelona.es\\\/en\\\/home-2\\\/\"},{\"@type\":\"ListItem\",\"position\":2,\"name\":\"Tienda\",\"item\":\"https:\\\/\\\/www.slowbarcelona.es\\\/tienda\\\/\"},{\"@type\":\"ListItem\",\"position\":3,\"name\":\"Taller de cocteler\u00eda exclusivo\"}]},{\"@type\":\"WebSite\",\"@id\":\"https:\\\/\\\/www.slowbarcelona.es\\\/#website\",\"url\":\"https:\\\/\\\/www.slowbarcelona.es\\\/\",\"name\":\"Slow Barcelona Cocktails & Bo\u00eete\",\"description\":\"Los mejores Gintonics y c\u00f3cteles de Barcelona\",\"publisher\":{\"@id\":\"https:\\\/\\\/www.slowbarcelona.es\\\/#organization\"},\"alternateName\":\"Slow Barcelona\",\"potentialAction\":[{\"@type\":\"SearchAction\",\"target\":{\"@type\":\"EntryPoint\",\"urlTemplate\":\"https:\\\/\\\/www.slowbarcelona.es\\\/?s={search_term_string}\"},\"query-input\":{\"@type\":\"PropertyValueSpecification\",\"valueRequired\":true,\"valueName\":\"search_term_string\"}}],\"inLanguage\":\"en-US\"},{\"@type\":\"Organization\",\"@id\":\"https:\\\/\\\/www.slowbarcelona.es\\\/#organization\",\"name\":\"Slow Barcelona\",\"alternateName\":\"Slow\",\"url\":\"https:\\\/\\\/www.slowbarcelona.es\\\/\",\"logo\":{\"@type\":\"ImageObject\",\"inLanguage\":\"en-US\",\"@id\":\"https:\\\/\\\/www.slowbarcelona.es\\\/#\\\/schema\\\/logo\\\/image\\\/\",\"url\":\"https:\\\/\\\/www.slowbarcelona.es\\\/wp-content\\\/uploads\\\/2022\\\/06\\\/logo-v2-no-Datos-xl-naranja.png\",\"contentUrl\":\"https:\\\/\\\/www.slowbarcelona.es\\\/wp-content\\\/uploads\\\/2022\\\/06\\\/logo-v2-no-Datos-xl-naranja.png\",\"width\":900,\"height\":935,\"caption\":\"Slow Barcelona\"},\"image\":{\"@id\":\"https:\\\/\\\/www.slowbarcelona.es\\\/#\\\/schema\\\/logo\\\/image\\\/\"},\"sameAs\":[\"https:\\\/\\\/facebook.com\\\/slowbarcelona\",\"https:\\\/\\\/x.com\\\/SlowBarcelona\",\"https:\\\/\\\/www.instagram.com\\\/slow_barcelona\\\/\",\"https:\\\/\\\/www.instagram.com\\\/slowclub.bcn\\\/\"]}]}<\/script>\n<!-- \/ Yoast SEO plugin. -->","yoast_head_json":{"title":"Taller de cocteler\u00eda exclusivo - Slow Barcelona - Cocktails &amp; Bo\u00eete","robots":{"index":"noindex","follow":"follow"},"og_locale":"en_US","og_type":"article","og_title":"Taller de cocteler\u00eda exclusivo - Slow Barcelona - Cocktails &amp; Bo\u00eete","og_description":"Aprende a realizar 3 c\u00f3cteles y, por supuesto, t\u00f3matelos a tu salud. Con este taller de cocteler\u00eda de 2 horas de duraci\u00f3n sabr\u00e1s todo lo que necesitas para hacer los c\u00f3cteles explicados en tu casa o en la m\u00eda. Te explicaremos los ingredientes, los utensilios y los trucos para que te queden riqu\u00edsimos. Exclusivo para tu grupo Este taller es solamente para vosotros, no est\u00e1 abierto a m\u00e1s gente. M\u00ednimo 4 personas Y m\u00e1ximo 12. Para m\u00e1s asistentes, pide un presupuesto.  Duraci\u00f3n 2 horas, recomendamos empezar a las 19:00.   Incluye Degustaci\u00f3n de los c\u00f3cteles preparados.  Por Roberto Frizzato, Ixcoatl Garc\u00eda, y Rodrigo Vizarraga.  Lo quiero a domicilio (m\u00ednimo 6 personas) Si tu domicilio est\u00e1 en Barcelona ciudad, a\u00f1ade 1 \"Desplazamiento, montaje y desmontaje en Barcelona\" \u00a1y listo! Disponibilidad Aseg\u00farate de tener confirmaci\u00f3n de disponibilidad para la fecha y hora que te interesa. Puedes consultar solicitando el taller desde aqu\u00ed, o enviando un Whatsapp al 660145618 o un email a info@slowbarcelona.es. Antelaci\u00f3n Los talleres exclusivos se deben adquirir con un m\u00ednimo de 48 horas de antelaci\u00f3n. Descuentos Se aplicar\u00e1 autom\u00e1ticamente un descuento del 10% al taller a partir de 10 personas, y de un 20% a partir de 25 personas. El desplazamiento si lo hubiera no est\u00e1 descontado.  Nota: los precios se indican sin IVA del 21%.","og_url":"https:\/\/www.slowbarcelona.es\/producto\/taller-de-cocteleria-exclusivo\/","og_site_name":"Slow Barcelona - Cocktails &amp; Bo\u00eete","article_publisher":"https:\/\/facebook.com\/slowbarcelona","article_modified_time":"2025-04-18T17:24:19+00:00","og_image":[{"width":1000,"height":572,"url":"https:\/\/www.slowbarcelona.es\/wp-content\/uploads\/2019\/05\/talleres_classic-cocktails.jpg","type":"image\/jpeg"}],"twitter_card":"summary_large_image","twitter_site":"@SlowBarcelona","schema":{"@context":"https:\/\/schema.org","@graph":[{"@type":"WebPage","@id":"https:\/\/www.slowbarcelona.es\/producto\/taller-de-cocteleria-exclusivo\/","url":"https:\/\/www.slowbarcelona.es\/producto\/taller-de-cocteleria-exclusivo\/","name":"Taller de cocteler\u00eda exclusivo - Slow Barcelona - Cocktails &amp; Bo\u00eete","isPartOf":{"@id":"https:\/\/www.slowbarcelona.es\/#website"},"primaryImageOfPage":{"@id":"https:\/\/www.slowbarcelona.es\/producto\/taller-de-cocteleria-exclusivo\/#primaryimage"},"image":{"@id":"https:\/\/www.slowbarcelona.es\/producto\/taller-de-cocteleria-exclusivo\/#primaryimage"},"thumbnailUrl":"https:\/\/www.slowbarcelona.es\/wp-content\/uploads\/2019\/05\/talleres_classic-cocktails.jpg","datePublished":"2022-05-24T18:02:01+00:00","dateModified":"2025-04-18T17:24:19+00:00","breadcrumb":{"@id":"https:\/\/www.slowbarcelona.es\/producto\/taller-de-cocteleria-exclusivo\/#breadcrumb"},"inLanguage":"en-US","potentialAction":[{"@type":"ReadAction","target":["https:\/\/www.slowbarcelona.es\/producto\/taller-de-cocteleria-exclusivo\/"]}]},{"@type":"ImageObject","inLanguage":"en-US","@id":"https:\/\/www.slowbarcelona.es\/producto\/taller-de-cocteleria-exclusivo\/#primaryimage","url":"https:\/\/www.slowbarcelona.es\/wp-content\/uploads\/2019\/05\/talleres_classic-cocktails.jpg","contentUrl":"https:\/\/www.slowbarcelona.es\/wp-content\/uploads\/2019\/05\/talleres_classic-cocktails.jpg","width":1000,"height":572,"caption":"\"The Old Fashioned is most commonly made by muddling sugar cubes with bitters, a cherry and an orange wedge or peel. Usually a splash of water or soda water is added along with ice, bourbon (or rye) and a garnish.\""},{"@type":"BreadcrumbList","@id":"https:\/\/www.slowbarcelona.es\/producto\/taller-de-cocteleria-exclusivo\/#breadcrumb","itemListElement":[{"@type":"ListItem","position":1,"name":"Portada","item":"https:\/\/www.slowbarcelona.es\/en\/home-2\/"},{"@type":"ListItem","position":2,"name":"Tienda","item":"https:\/\/www.slowbarcelona.es\/tienda\/"},{"@type":"ListItem","position":3,"name":"Taller de cocteler\u00eda exclusivo"}]},{"@type":"WebSite","@id":"https:\/\/www.slowbarcelona.es\/#website","url":"https:\/\/www.slowbarcelona.es\/","name":"Slow Barcelona Cocktails & Bo\u00eete","description":"Los mejores Gintonics y c\u00f3cteles de Barcelona","publisher":{"@id":"https:\/\/www.slowbarcelona.es\/#organization"},"alternateName":"Slow Barcelona","potentialAction":[{"@type":"SearchAction","target":{"@type":"EntryPoint","urlTemplate":"https:\/\/www.slowbarcelona.es\/?s={search_term_string}"},"query-input":{"@type":"PropertyValueSpecification","valueRequired":true,"valueName":"search_term_string"}}],"inLanguage":"en-US"},{"@type":"Organization","@id":"https:\/\/www.slowbarcelona.es\/#organization","name":"Slow Barcelona","alternateName":"Slow","url":"https:\/\/www.slowbarcelona.es\/","logo":{"@type":"ImageObject","inLanguage":"en-US","@id":"https:\/\/www.slowbarcelona.es\/#\/schema\/logo\/image\/","url":"https:\/\/www.slowbarcelona.es\/wp-content\/uploads\/2022\/06\/logo-v2-no-Datos-xl-naranja.png","contentUrl":"https:\/\/www.slowbarcelona.es\/wp-content\/uploads\/2022\/06\/logo-v2-no-Datos-xl-naranja.png","width":900,"height":935,"caption":"Slow Barcelona"},"image":{"@id":"https:\/\/www.slowbarcelona.es\/#\/schema\/logo\/image\/"},"sameAs":["https:\/\/facebook.com\/slowbarcelona","https:\/\/x.com\/SlowBarcelona","https:\/\/www.instagram.com\/slow_barcelona\/","https:\/\/www.instagram.com\/slowclub.bcn\/"]}]}},"jetpack_sharing_enabled":true,"_links":{"self":[{"href":"https:\/\/www.slowbarcelona.es\/en\/wp-json\/wp\/v2\/product\/34609","targetHints":{"allow":["GET"]}}],"collection":[{"href":"https:\/\/www.slowbarcelona.es\/en\/wp-json\/wp\/v2\/product"}],"about":[{"href":"https:\/\/www.slowbarcelona.es\/en\/wp-json\/wp\/v2\/types\/product"}],"wp:featuredmedia":[{"embeddable":true,"href":"https:\/\/www.slowbarcelona.es\/en\/wp-json\/wp\/v2\/media\/16953"}],"wp:attachment":[{"href":"https:\/\/www.slowbarcelona.es\/en\/wp-json\/wp\/v2\/media?parent=34609"}],"wp:term":[{"taxonomy":"product_brand","embeddable":true,"href":"https:\/\/www.slowbarcelona.es\/en\/wp-json\/wp\/v2\/product_brand?post=34609"},{"taxonomy":"product_cat","embeddable":true,"href":"https:\/\/www.slowbarcelona.es\/en\/wp-json\/wp\/v2\/product_cat?post=34609"},{"taxonomy":"product_tag","embeddable":true,"href":"https:\/\/www.slowbarcelona.es\/en\/wp-json\/wp\/v2\/product_tag?post=34609"}],"curies":[{"name":"wp","href":"https:\/\/api.w.org\/{rel}","templated":true}]}}